{"id":18570,"date":"2026-01-13T20:41:17","date_gmt":"2026-01-13T19:41:17","guid":{"rendered":"https:\/\/jumbo-group.de\/umzugneuesdesign\/?page_id=18570"},"modified":"2026-01-22T08:57:33","modified_gmt":"2026-01-22T07:57:33","slug":"video_jumbogroup","status":"publish","type":"page","link":"https:\/\/jumbo-group.de\/en\/video_jumbogroup\/","title":{"rendered":"Video"},"content":{"rendered":"<div data-elementor-type=\"wp-page\" data-elementor-id=\"18570\" class=\"elementor elementor-18570\" data-elementor-post-type=\"page\">\n\t\t\t\t\t\t<section class=\"elementor-section elementor-top-section elementor-element elementor-element-3c419dd elementor-section-boxed elementor-section-height-default elementor-section-height-default\" data-id=\"3c419dd\" data-element_type=\"section\" data-e-type=\"section\">\n\t\t\t\t\t\t<div class=\"elementor-container elementor-column-gap-default\">\n\t\t\t\t\t<div class=\"elementor-column elementor-col-100 elementor-top-column elementor-element elementor-element-0d1f1a2\" data-id=\"0d1f1a2\" data-element_type=\"column\" data-e-type=\"column\">\n\t\t\t<div class=\"elementor-widget-wrap elementor-element-populated\">\n\t\t\t\t\t\t<div class=\"elementor-element elementor-element-d0b870b elementor-widget elementor-widget-heading\" data-id=\"d0b870b\" data-element_type=\"widget\" data-e-type=\"widget\" data-widget_type=\"heading.default\">\n\t\t\t\t<div class=\"elementor-widget-container\">\n\t\t\t\t\t<h1 class=\"elementor-heading-title elementor-size-default\">Kunden Videos<\/h1>\t\t\t\t<\/div>\n\t\t\t\t<\/div>\n\t\t\t\t\t<\/div>\n\t\t<\/div>\n\t\t\t\t\t<\/div>\n\t\t<\/section>\n\t\t\t\t<section class=\"elementor-section elementor-top-section elementor-element elementor-element-4f2a973 elementor-section-boxed elementor-section-height-default elementor-section-height-default\" data-id=\"4f2a973\" data-element_type=\"section\" data-e-type=\"section\">\n\t\t\t\t\t\t<div class=\"elementor-container elementor-column-gap-default\">\n\t\t\t\t\t<div class=\"elementor-column elementor-col-50 elementor-top-column elementor-element elementor-element-02d7df0\" data-id=\"02d7df0\" data-element_type=\"column\" data-e-type=\"column\">\n\t\t\t<div class=\"elementor-widget-wrap elementor-element-populated\">\n\t\t\t\t\t\t<div class=\"elementor-element elementor-element-27a340f elementor-widget elementor-widget-video\" data-id=\"27a340f\" data-element_type=\"widget\" data-e-type=\"widget\" data-settings=\"{&quot;youtube_url&quot;:&quot;https:\\\/\\\/youtu.be\\\/_bS6D6EgUwo?si=4paEUKw6oRM-yQ5J&quot;,&quot;video_type&quot;:&quot;youtube&quot;,&quot;controls&quot;:&quot;yes&quot;}\" data-widget_type=\"video.default\">\n\t\t\t\t<div class=\"elementor-widget-container\">\n\t\t\t\t\t\t\t<div class=\"elementor-wrapper elementor-open-inline\">\n\t\t\t<div class=\"elementor-video\"><\/div>\t\t<\/div>\n\t\t\t\t\t\t<\/div>\n\t\t\t\t<\/div>\n\t\t\t\t\t<\/div>\n\t\t<\/div>\n\t\t\t\t<div class=\"elementor-column elementor-col-50 elementor-top-column elementor-element elementor-element-9c4a3aa\" data-id=\"9c4a3aa\" data-element_type=\"column\" data-e-type=\"column\">\n\t\t\t<div class=\"elementor-widget-wrap elementor-element-populated\">\n\t\t\t\t\t\t<div class=\"elementor-element elementor-element-3dccb07 elementor-widget elementor-widget-text-editor\" data-id=\"3dccb07\" data-element_type=\"widget\" data-e-type=\"widget\" data-widget_type=\"text-editor.default\">\n\t\t\t\t<div class=\"elementor-widget-container\">\n\t\t\t\t\t\t\t\t\t<hr \/><h3 data-start=\"52\" data-end=\"94\"><strong data-start=\"56\" data-end=\"94\">PyroDry \u2013 Kl\u00e4rschlamm zu Biokohle<\/strong><\/h3><ul data-start=\"96\" data-end=\"292\"><li data-start=\"96\" data-end=\"160\"><p data-start=\"98\" data-end=\"160\">Kl\u00e4rschlamm wird getrocknet, pelletiert und pyrolysiert.<\/p><\/li><li data-start=\"161\" data-end=\"232\"><p data-start=\"163\" data-end=\"232\">Ergebnis: hochwertige Biokohle f\u00fcr Kompost &amp; Bodenverbesserung.<\/p><\/li><li data-start=\"233\" data-end=\"292\"><p data-start=\"235\" data-end=\"292\">Nachhaltige Abfallverwertung in wertvolles Produkt.<\/p><\/li><\/ul>\t\t\t\t\t\t\t\t<\/div>\n\t\t\t\t<\/div>\n\t\t\t\t\t<\/div>\n\t\t<\/div>\n\t\t\t\t\t<\/div>\n\t\t<\/section>\n\t\t\t\t<section class=\"elementor-section elementor-top-section elementor-element elementor-element-2bf42ae elementor-section-boxed elementor-section-height-default elementor-section-height-default\" data-id=\"2bf42ae\" data-element_type=\"section\" data-e-type=\"section\">\n\t\t\t\t\t\t<div class=\"elementor-container elementor-column-gap-default\">\n\t\t\t\t\t<div class=\"elementor-column elementor-col-50 elementor-top-column elementor-element elementor-element-83460e1\" data-id=\"83460e1\" data-element_type=\"column\" data-e-type=\"column\">\n\t\t\t<div class=\"elementor-widget-wrap elementor-element-populated\">\n\t\t\t\t\t\t<div class=\"elementor-element elementor-element-e919ff2 elementor-widget elementor-widget-video\" data-id=\"e919ff2\" data-element_type=\"widget\" data-e-type=\"widget\" data-settings=\"{&quot;youtube_url&quot;:&quot;https:\\\/\\\/youtu.be\\\/uESAC9c5d70?si=EOi2VwbFWREmUiWC&quot;,&quot;video_type&quot;:&quot;youtube&quot;,&quot;controls&quot;:&quot;yes&quot;}\" data-widget_type=\"video.default\">\n\t\t\t\t<div class=\"elementor-widget-container\">\n\t\t\t\t\t\t\t<div class=\"elementor-wrapper elementor-open-inline\">\n\t\t\t<div class=\"elementor-video\"><\/div>\t\t<\/div>\n\t\t\t\t\t\t<\/div>\n\t\t\t\t<\/div>\n\t\t\t\t\t<\/div>\n\t\t<\/div>\n\t\t\t\t<div class=\"elementor-column elementor-col-50 elementor-top-column elementor-element elementor-element-6fec4d4\" data-id=\"6fec4d4\" data-element_type=\"column\" data-e-type=\"column\">\n\t\t\t<div class=\"elementor-widget-wrap elementor-element-populated\">\n\t\t\t\t\t\t<div class=\"elementor-element elementor-element-1100e69 elementor-widget elementor-widget-text-editor\" data-id=\"1100e69\" data-element_type=\"widget\" data-e-type=\"widget\" data-widget_type=\"text-editor.default\">\n\t\t\t\t<div class=\"elementor-widget-container\">\n\t\t\t\t\t\t\t\t\t<hr data-start=\"73\" data-end=\"76\" \/><h3 data-start=\"78\" data-end=\"153\"><strong data-start=\"82\" data-end=\"153\">Kl\u00e4rschlammtrocknung, Pelletierung &amp; Pyrolyse \u2013 Niederfrohna<\/strong><\/h3><ul data-start=\"155\" data-end=\"739\"><li data-start=\"197\" data-end=\"274\"><p data-start=\"199\" data-end=\"274\">Seit 2018 in Betrieb. Automatisierte Beschickung des Trockners aus dem Schubbodencontainer.<\/p><\/li><li data-start=\"275\" data-end=\"358\"><p data-start=\"277\" data-end=\"358\">Nutzung der 300\u00b0C hei\u00dfen Abgase einer VT-Mikrogasturbine zur Trocknung.<\/p><\/li><li data-start=\"359\" data-end=\"441\"><p data-start=\"361\" data-end=\"441\">Getrockneter Kl\u00e4rschlamm wird pelletiert und anschlie\u00dfend pyrolysiert.<\/p><\/li><li data-start=\"442\" data-end=\"578\"><p data-start=\"444\" data-end=\"578\">Aus 1.400 t entw\u00e4ssertem Kl\u00e4rschlamm entstehen 257 t Mehrzweckkohle \u2013 ideal als Additiv zur Qualit\u00e4tssteigerung von Kompost.<\/p><\/li><li data-start=\"579\" data-end=\"634\"><p data-start=\"581\" data-end=\"634\">Zus\u00e4tzlich werden 187 t CO\u2082 dauerhaft gebunden.<\/p><\/li><li data-start=\"635\" data-end=\"739\"><p data-start=\"637\" data-end=\"739\">Ein innovatives Projekt, das zeigt, wie aus Abfall ein wertvolles, klimafreundliches Produkt wird<\/p><\/li><\/ul>\t\t\t\t\t\t\t\t<\/div>\n\t\t\t\t<\/div>\n\t\t\t\t\t<\/div>\n\t\t<\/div>\n\t\t\t\t\t<\/div>\n\t\t<\/section>\n\t\t\t\t<section class=\"elementor-section elementor-top-section elementor-element elementor-element-993a80e elementor-section-boxed elementor-section-height-default elementor-section-height-default\" data-id=\"993a80e\" data-element_type=\"section\" data-e-type=\"section\">\n\t\t\t\t\t\t<div class=\"elementor-container elementor-column-gap-default\">\n\t\t\t\t\t<div class=\"elementor-column elementor-col-50 elementor-top-column elementor-element elementor-element-7d51543\" data-id=\"7d51543\" data-element_type=\"column\" data-e-type=\"column\">\n\t\t\t<div class=\"elementor-widget-wrap elementor-element-populated\">\n\t\t\t\t\t\t<div class=\"elementor-element elementor-element-59d358f elementor-widget elementor-widget-video\" data-id=\"59d358f\" data-element_type=\"widget\" data-e-type=\"widget\" data-settings=\"{&quot;youtube_url&quot;:&quot;https:\\\/\\\/youtu.be\\\/wwl_wdAdAhU?si=hscy8ksbTMXyK5kh&quot;,&quot;video_type&quot;:&quot;youtube&quot;,&quot;controls&quot;:&quot;yes&quot;}\" data-widget_type=\"video.default\">\n\t\t\t\t<div class=\"elementor-widget-container\">\n\t\t\t\t\t\t\t<div class=\"elementor-wrapper elementor-open-inline\">\n\t\t\t<div class=\"elementor-video\"><\/div>\t\t<\/div>\n\t\t\t\t\t\t<\/div>\n\t\t\t\t<\/div>\n\t\t\t\t\t<\/div>\n\t\t<\/div>\n\t\t\t\t<div class=\"elementor-column elementor-col-50 elementor-top-column elementor-element elementor-element-fbfdc36\" data-id=\"fbfdc36\" data-element_type=\"column\" data-e-type=\"column\">\n\t\t\t<div class=\"elementor-widget-wrap elementor-element-populated\">\n\t\t\t\t\t\t<div class=\"elementor-element elementor-element-24329e7 elementor-widget elementor-widget-text-editor\" data-id=\"24329e7\" data-element_type=\"widget\" data-e-type=\"widget\" data-widget_type=\"text-editor.default\">\n\t\t\t\t<div class=\"elementor-widget-container\">\n\t\t\t\t\t\t\t\t\t<hr \/><h3 data-start=\"75\" data-end=\"124\"><strong data-start=\"79\" data-end=\"124\">Sewage sludge drying in the city of Monheim<\/strong><\/h3><ul data-start=\"126\" data-end=\"389\"><li data-start=\"126\" data-end=\"193\"><p data-start=\"128\" data-end=\"193\">In Betrieb seit 2019 auf der Membrankl\u00e4ranlage Monheim.<\/p><\/li><li data-start=\"194\" data-end=\"253\"><p data-start=\"196\" data-end=\"253\">STR4 Trockner + ZRP250 Pelletierung im Einsatz.<\/p><\/li><li data-start=\"254\" data-end=\"316\"><p data-start=\"256\" data-end=\"316\">Jahreskapazit\u00e4t: ca. 1.500 t entw\u00e4sserter Kl\u00e4rschlamm.<\/p><\/li><li data-start=\"317\" data-end=\"389\"><p data-start=\"319\" data-end=\"389\">Kompakte Anlage, ideal f\u00fcr kleinere Kommunen &amp; Abwasserverb\u00e4nde.<\/p><\/li><\/ul>\t\t\t\t\t\t\t\t<\/div>\n\t\t\t\t<\/div>\n\t\t\t\t\t<\/div>\n\t\t<\/div>\n\t\t\t\t\t<\/div>\n\t\t<\/section>\n\t\t\t\t<section class=\"elementor-section elementor-top-section elementor-element elementor-element-7cd1ea3 elementor-section-boxed elementor-section-height-default elementor-section-height-default\" data-id=\"7cd1ea3\" data-element_type=\"section\" data-e-type=\"section\">\n\t\t\t\t\t\t<div class=\"elementor-container elementor-column-gap-default\">\n\t\t\t\t\t<div class=\"elementor-column elementor-col-50 elementor-top-column elementor-element elementor-element-9234e31\" data-id=\"9234e31\" data-element_type=\"column\" data-e-type=\"column\">\n\t\t\t<div class=\"elementor-widget-wrap elementor-element-populated\">\n\t\t\t\t\t\t<div class=\"elementor-element elementor-element-de3a027 elementor-widget elementor-widget-video\" data-id=\"de3a027\" data-element_type=\"widget\" data-e-type=\"widget\" data-settings=\"{&quot;youtube_url&quot;:&quot;https:\\\/\\\/youtu.be\\\/86zXwv4pIAI?si=aHUY6sStfv2iUNU8&quot;,&quot;video_type&quot;:&quot;youtube&quot;,&quot;controls&quot;:&quot;yes&quot;}\" data-widget_type=\"video.default\">\n\t\t\t\t<div class=\"elementor-widget-container\">\n\t\t\t\t\t\t\t<div class=\"elementor-wrapper elementor-open-inline\">\n\t\t\t<div class=\"elementor-video\"><\/div>\t\t<\/div>\n\t\t\t\t\t\t<\/div>\n\t\t\t\t<\/div>\n\t\t\t\t\t<\/div>\n\t\t<\/div>\n\t\t\t\t<div class=\"elementor-column elementor-col-50 elementor-top-column elementor-element elementor-element-c8c30bd\" data-id=\"c8c30bd\" data-element_type=\"column\" data-e-type=\"column\">\n\t\t\t<div class=\"elementor-widget-wrap elementor-element-populated\">\n\t\t\t\t\t\t<div class=\"elementor-element elementor-element-1d0c114 elementor-widget elementor-widget-text-editor\" data-id=\"1d0c114\" data-element_type=\"widget\" data-e-type=\"widget\" data-widget_type=\"text-editor.default\">\n\t\t\t\t<div class=\"elementor-widget-container\">\n\t\t\t\t\t\t\t\t\t<hr \/><h3 data-start=\"75\" data-end=\"126\">Kl\u00e4rschlamm- und Molkerei-Abwassertrocknung bei Molkerei Gropper<\/h3><ul data-start=\"128\" data-end=\"362\"><li data-start=\"128\" data-end=\"175\"><p data-start=\"130\" data-end=\"175\">In Betrieb seit 2017, 24\/7 Betrieb.<\/p><\/li><li data-start=\"176\" data-end=\"252\"><p data-start=\"178\" data-end=\"252\">Trocknung von 3.800 t Kl\u00e4rschlamm und Molkereiabwasser von 22\u202f% auf 90\u202f% TS j\u00e4hrlich.<\/p><\/li><li data-start=\"253\" data-end=\"307\"><p data-start=\"255\" data-end=\"307\">Reduktion der zu entsorgenden Menge von 3800 t Schlamm auf 929 t Pellets.<\/p><\/li><li data-start=\"308\" data-end=\"362\"><p data-start=\"310\" data-end=\"362\">J\u00e4hrliche Kosteneinsparung: ca. 356.000 \u20ac.<\/p><\/li><\/ul>\t\t\t\t\t\t\t\t<\/div>\n\t\t\t\t<\/div>\n\t\t\t\t\t<\/div>\n\t\t<\/div>\n\t\t\t\t\t<\/div>\n\t\t<\/section>\n\t\t\t\t<section class=\"elementor-section elementor-top-section elementor-element elementor-element-2b7fc6e elementor-section-boxed elementor-section-height-default elementor-section-height-default\" data-id=\"2b7fc6e\" data-element_type=\"section\" data-e-type=\"section\">\n\t\t\t\t\t\t<div class=\"elementor-container elementor-column-gap-default\">\n\t\t\t\t\t<div class=\"elementor-column elementor-col-50 elementor-top-column elementor-element elementor-element-ef7cc2b\" data-id=\"ef7cc2b\" data-element_type=\"column\" data-e-type=\"column\">\n\t\t\t<div class=\"elementor-widget-wrap elementor-element-populated\">\n\t\t\t\t\t\t<div class=\"elementor-element elementor-element-3004630 elementor-widget elementor-widget-video\" data-id=\"3004630\" data-element_type=\"widget\" data-e-type=\"widget\" data-settings=\"{&quot;youtube_url&quot;:&quot;https:\\\/\\\/youtu.be\\\/SXMaHCEKOz8?si=DqoLBNy31ib7BQGA&quot;,&quot;video_type&quot;:&quot;youtube&quot;,&quot;controls&quot;:&quot;yes&quot;}\" data-widget_type=\"video.default\">\n\t\t\t\t<div class=\"elementor-widget-container\">\n\t\t\t\t\t\t\t<div class=\"elementor-wrapper elementor-open-inline\">\n\t\t\t<div class=\"elementor-video\"><\/div>\t\t<\/div>\n\t\t\t\t\t\t<\/div>\n\t\t\t\t<\/div>\n\t\t\t\t\t<\/div>\n\t\t<\/div>\n\t\t\t\t<div class=\"elementor-column elementor-col-50 elementor-top-column elementor-element elementor-element-2691e4d\" data-id=\"2691e4d\" data-element_type=\"column\" data-e-type=\"column\">\n\t\t\t<div class=\"elementor-widget-wrap elementor-element-populated\">\n\t\t\t\t\t\t<div class=\"elementor-element elementor-element-ab4d5e7 elementor-widget elementor-widget-text-editor\" data-id=\"ab4d5e7\" data-element_type=\"widget\" data-e-type=\"widget\" data-widget_type=\"text-editor.default\">\n\t\t\t\t<div class=\"elementor-widget-container\">\n\t\t\t\t\t\t\t\t\t<hr \/><h3 data-start=\"50\" data-end=\"106\"><strong data-start=\"54\" data-end=\"106\">G\u00e4rrestetrocknung bei Biomethan M\u00fchlacker<\/strong><\/h3><ul data-start=\"108\" data-end=\"380\"><li data-start=\"108\" data-end=\"199\"><p data-start=\"110\" data-end=\"199\">Seit 2019 im Einsatz: STR12 Trockner + ZRP250 Pelletierung von Jumbo Group.<\/p><\/li><li data-start=\"200\" data-end=\"245\"><p data-start=\"202\" data-end=\"245\">Trocknung von 8 % TS auf 90 % TS.<\/p><\/li><li data-start=\"246\" data-end=\"314\"><p data-start=\"248\" data-end=\"314\">Anschlie\u00dfende Pelletierung und Verpackung f\u00fcr Endkunden.<\/p><\/li><li data-start=\"315\" data-end=\"380\"><p data-start=\"317\" data-end=\"380\">Vermarktung als regionaler Universald\u00fcnger \u201eGartengl\u00fcck\u201c<\/p><\/li><\/ul>\t\t\t\t\t\t\t\t<\/div>\n\t\t\t\t<\/div>\n\t\t\t\t\t<\/div>\n\t\t<\/div>\n\t\t\t\t\t<\/div>\n\t\t<\/section>\n\t\t\t\t<section class=\"elementor-section elementor-top-section elementor-element elementor-element-2aac5ac elementor-section-boxed elementor-section-height-default elementor-section-height-default\" data-id=\"2aac5ac\" data-element_type=\"section\" data-e-type=\"section\">\n\t\t\t\t\t\t<div class=\"elementor-container elementor-column-gap-default\">\n\t\t\t\t\t<div class=\"elementor-column elementor-col-50 elementor-top-column elementor-element elementor-element-862f4a9\" data-id=\"862f4a9\" data-element_type=\"column\" data-e-type=\"column\">\n\t\t\t<div class=\"elementor-widget-wrap elementor-element-populated\">\n\t\t\t\t\t\t<div class=\"elementor-element elementor-element-fd640ec elementor-widget elementor-widget-video\" data-id=\"fd640ec\" data-element_type=\"widget\" data-e-type=\"widget\" data-settings=\"{&quot;youtube_url&quot;:&quot;https:\\\/\\\/youtu.be\\\/q0xs4GP6MYw?si=OrgoKTWLth66cWHr&quot;,&quot;video_type&quot;:&quot;youtube&quot;,&quot;controls&quot;:&quot;yes&quot;}\" data-widget_type=\"video.default\">\n\t\t\t\t<div class=\"elementor-widget-container\">\n\t\t\t\t\t\t\t<div class=\"elementor-wrapper elementor-open-inline\">\n\t\t\t<div class=\"elementor-video\"><\/div>\t\t<\/div>\n\t\t\t\t\t\t<\/div>\n\t\t\t\t<\/div>\n\t\t\t\t\t<\/div>\n\t\t<\/div>\n\t\t\t\t<div class=\"elementor-column elementor-col-50 elementor-top-column elementor-element elementor-element-2535d43\" data-id=\"2535d43\" data-element_type=\"column\" data-e-type=\"column\">\n\t\t\t<div class=\"elementor-widget-wrap elementor-element-populated\">\n\t\t\t\t\t\t<div class=\"elementor-element elementor-element-c962fe9 elementor-widget elementor-widget-text-editor\" data-id=\"c962fe9\" data-element_type=\"widget\" data-e-type=\"widget\" data-widget_type=\"text-editor.default\">\n\t\t\t\t<div class=\"elementor-widget-container\">\n\t\t\t\t\t\t\t\t\t<hr \/><h3 data-start=\"75\" data-end=\"138\"><strong data-start=\"79\" data-end=\"138\">Kl\u00e4rschlamm-Trocknung Bleicherode \u2013 PyroDry\u00ae1500<\/strong><\/h3><ul data-start=\"140\" data-end=\"465\"><li data-start=\"140\" data-end=\"205\"><p data-start=\"142\" data-end=\"205\">Inbetriebnahme: Juli 2023 auf der Kl\u00e4ranlage Bleicherode.<\/p><\/li><li data-start=\"206\" data-end=\"278\"><p data-start=\"208\" data-end=\"278\">Forschungsprojekt der Hochschule Nordhausen, gef\u00f6rdert vom Bund.<\/p><\/li><li data-start=\"279\" data-end=\"360\"><p data-start=\"281\" data-end=\"360\">Zwei Jahre Pflanzversuche mit Kl\u00e4rschlamm-Kohle erfolgreich durchgef\u00fchrt.<\/p><\/li><li data-start=\"361\" data-end=\"465\"><p data-start=\"363\" data-end=\"465\">Gro\u00df angelegter Feldversuch unter Projektname CarboMass zur Begr\u00fcnung brachliegender Kalihalden<\/p><\/li><\/ul>\t\t\t\t\t\t\t\t<\/div>\n\t\t\t\t<\/div>\n\t\t\t\t\t<\/div>\n\t\t<\/div>\n\t\t\t\t\t<\/div>\n\t\t<\/section>\n\t\t\t\t<\/div>","protected":false},"excerpt":{"rendered":"<p>Kunden Videos https:\/\/youtu.be\/_bS6D6EgUwo?si=4paEUKw6oRM-yQ5J PyroDry \u2013 Kl\u00e4rschlamm zu Biokohle Kl\u00e4rschlamm wird getrocknet, pelletiert und pyrolysiert. Ergebnis: hochwertige Biokohle f\u00fcr Kompost &amp; Bodenverbesserung. Nachhaltige Abfallverwertung in wertvolles Produkt. https:\/\/youtu.be\/uESAC9c5d70?si=EOi2VwbFWREmUiWC Kl\u00e4rschlammtrocknung, Pelletierung &amp; Pyrolyse \u2013 Niederfrohna Seit 2018 in Betrieb. Automatisierte Beschickung des Trockners aus dem Schubbodencontainer. Nutzung der 300\u00b0C hei\u00dfen Abgase einer VT-Mikrogasturbine zur Trocknung. Getrockneter Kl\u00e4rschlamm [&hellip;]<\/p>\n","protected":false},"author":16,"featured_media":18617,"parent":0,"menu_order":0,"comment_status":"closed","ping_status":"closed","template":"","meta":{"footnotes":""},"categories":[81],"tags":[],"class_list":["post-18570","page","type-page","status-publish","has-post-thumbnail","hentry","category-news"],"aioseo_notices":[],"_links":{"self":[{"href":"https:\/\/jumbo-group.de\/en\/wp-json\/wp\/v2\/pages\/18570","targetHints":{"allow":["GET"]}}],"collection":[{"href":"https:\/\/jumbo-group.de\/en\/wp-json\/wp\/v2\/pages"}],"about":[{"href":"https:\/\/jumbo-group.de\/en\/wp-json\/wp\/v2\/types\/page"}],"author":[{"embeddable":true,"href":"https:\/\/jumbo-group.de\/en\/wp-json\/wp\/v2\/users\/16"}],"replies":[{"embeddable":true,"href":"https:\/\/jumbo-group.de\/en\/wp-json\/wp\/v2\/comments?post=18570"}],"version-history":[{"count":17,"href":"https:\/\/jumbo-group.de\/en\/wp-json\/wp\/v2\/pages\/18570\/revisions"}],"predecessor-version":[{"id":18856,"href":"https:\/\/jumbo-group.de\/en\/wp-json\/wp\/v2\/pages\/18570\/revisions\/18856"}],"wp:featuredmedia":[{"embeddable":true,"href":"https:\/\/jumbo-group.de\/en\/wp-json\/wp\/v2\/media\/18617"}],"wp:attachment":[{"href":"https:\/\/jumbo-group.de\/en\/wp-json\/wp\/v2\/media?parent=18570"}],"wp:term":[{"taxonomy":"category","embeddable":true,"href":"https:\/\/jumbo-group.de\/en\/wp-json\/wp\/v2\/categories?post=18570"},{"taxonomy":"post_tag","embeddable":true,"href":"https:\/\/jumbo-group.de\/en\/wp-json\/wp\/v2\/tags?post=18570"}],"curies":[{"name":"wp","href":"https:\/\/api.w.org\/{rel}","templated":true}]}}