{"id":18551,"date":"2026-01-13T20:36:20","date_gmt":"2026-01-13T19:36:20","guid":{"rendered":"https:\/\/jumbo-group.de\/umzugneuesdesign\/?page_id=18551"},"modified":"2026-01-22T12:25:24","modified_gmt":"2026-01-22T11:25:24","slug":"anlagen","status":"publish","type":"page","link":"https:\/\/jumbo-group.de\/en\/anlagen\/","title":{"rendered":"Machinery"},"content":{"rendered":"<div data-elementor-type=\"wp-page\" data-elementor-id=\"18551\" class=\"elementor elementor-18551\" data-elementor-post-type=\"page\">\n\t\t\t\t\t\t<section class=\"elementor-section elementor-top-section elementor-element elementor-element-bece5df elementor-section-boxed elementor-section-height-default elementor-section-height-default\" data-id=\"bece5df\" data-element_type=\"section\" data-e-type=\"section\">\n\t\t\t\t\t\t<div class=\"elementor-container elementor-column-gap-default\">\n\t\t\t\t\t<div class=\"elementor-column elementor-col-100 elementor-top-column elementor-element elementor-element-865ce91\" data-id=\"865ce91\" data-element_type=\"column\" data-e-type=\"column\">\n\t\t\t<div class=\"elementor-widget-wrap\">\n\t\t\t\t\t\t\t<\/div>\n\t\t<\/div>\n\t\t\t\t\t<\/div>\n\t\t<\/section>\n\t\t\t\t<section class=\"elementor-section elementor-top-section elementor-element elementor-element-b90d3ce elementor-section-boxed elementor-section-height-default elementor-section-height-default\" data-id=\"b90d3ce\" data-element_type=\"section\" data-e-type=\"section\">\n\t\t\t\t\t\t<div class=\"elementor-container elementor-column-gap-default\">\n\t\t\t\t\t<div class=\"elementor-column elementor-col-100 elementor-top-column elementor-element elementor-element-c6f45af\" data-id=\"c6f45af\" data-element_type=\"column\" data-e-type=\"column\">\n\t\t\t<div class=\"elementor-widget-wrap elementor-element-populated\">\n\t\t\t\t\t\t<div class=\"elementor-element elementor-element-9a9caa2 elementor-widget elementor-widget-heading\" data-id=\"9a9caa2\" data-element_type=\"widget\" data-e-type=\"widget\" data-widget_type=\"heading.default\">\n\t\t\t\t<div class=\"elementor-widget-container\">\n\t\t\t\t\t<h2 class=\"elementor-heading-title elementor-size-default\">Machinery <\/h2>\t\t\t\t<\/div>\n\t\t\t\t<\/div>\n\t\t\t\t\t<\/div>\n\t\t<\/div>\n\t\t\t\t\t<\/div>\n\t\t<\/section>\n\t\t\t\t<section class=\"elementor-section elementor-top-section elementor-element elementor-element-66d9405 elementor-section-boxed elementor-section-height-default elementor-section-height-default\" data-id=\"66d9405\" data-element_type=\"section\" data-e-type=\"section\">\n\t\t\t\t\t\t<div class=\"elementor-container elementor-column-gap-default\">\n\t\t\t\t\t<div class=\"elementor-column elementor-col-100 elementor-top-column elementor-element elementor-element-42ce67b\" data-id=\"42ce67b\" data-element_type=\"column\" data-e-type=\"column\">\n\t\t\t<div class=\"elementor-widget-wrap\">\n\t\t\t\t\t\t\t<\/div>\n\t\t<\/div>\n\t\t\t\t\t<\/div>\n\t\t<\/section>\n\t\t\t\t<section class=\"elementor-section elementor-top-section elementor-element elementor-element-88a570e elementor-hidden-mobile elementor-section-boxed elementor-section-height-default elementor-section-height-default\" data-id=\"88a570e\" data-element_type=\"section\" data-e-type=\"section\">\n\t\t\t\t\t\t<div class=\"elementor-container elementor-column-gap-default\">\n\t\t\t\t\t<div class=\"elementor-column elementor-col-50 elementor-top-column elementor-element elementor-element-e9d994a\" data-id=\"e9d994a\" data-element_type=\"column\" data-e-type=\"column\">\n\t\t\t<div class=\"elementor-widget-wrap elementor-element-populated\">\n\t\t\t\t\t\t<div class=\"elementor-element elementor-element-b3ce09e elementor-widget elementor-widget-image\" data-id=\"b3ce09e\" data-element_type=\"widget\" data-e-type=\"widget\" data-widget_type=\"image.default\">\n\t\t\t\t<div class=\"elementor-widget-container\">\n\t\t\t\t\t\t\t\t\t\t\t\t<figure class=\"wp-caption\">\n\t\t\t\t\t\t\t\t\t\t\t<a href=\"https:\/\/jumbo-group.de\/wp-content\/uploads\/Pyrodry-650x400-Kopie.png\" data-elementor-open-lightbox=\"yes\" data-elementor-lightbox-title=\"Pyrodry-650x400-Kopie.png\" data-e-action-hash=\"#elementor-action%3Aaction%3Dlightbox%26settings%3DeyJpZCI6MTg0NTksInVybCI6Imh0dHBzOlwvXC9qdW1iby1ncm91cC5kZVwvd3AtY29udGVudFwvdXBsb2Fkc1wvUHlyb2RyeS02NTB4NDAwLUtvcGllLnBuZyJ9\">\n\t\t\t\t\t\t\t<img fetchpriority=\"high\" decoding=\"async\" width=\"600\" height=\"446\" src=\"https:\/\/jumbo-group.de\/wp-content\/uploads\/Pyrodry-650x400-Kopie.png\" class=\"attachment-medium_large size-medium_large wp-image-18459\" alt=\"\" srcset=\"https:\/\/jumbo-group.de\/wp-content\/uploads\/Pyrodry-650x400-Kopie.png 600w, https:\/\/jumbo-group.de\/wp-content\/uploads\/Pyrodry-650x400-Kopie-300x223.png 300w, https:\/\/jumbo-group.de\/wp-content\/uploads\/Pyrodry-650x400-Kopie-16x12.png 16w, https:\/\/jumbo-group.de\/wp-content\/uploads\/Pyrodry-650x400-Kopie-500x372.png 500w\" sizes=\"(max-width: 600px) 100vw, 600px\" \/>\t\t\t\t\t\t\t\t<\/a>\n\t\t\t\t\t\t\t\t\t\t\t<figcaption class=\"widget-image-caption wp-caption-text\"><\/figcaption>\n\t\t\t\t\t\t\t\t\t\t<\/figure>\n\t\t\t\t\t\t\t\t\t<\/div>\n\t\t\t\t<\/div>\n\t\t\t\t\t<\/div>\n\t\t<\/div>\n\t\t\t\t<div class=\"elementor-column elementor-col-50 elementor-top-column elementor-element elementor-element-5cdedf8\" data-id=\"5cdedf8\" data-element_type=\"column\" data-e-type=\"column\">\n\t\t\t<div class=\"elementor-widget-wrap elementor-element-populated\">\n\t\t\t\t\t\t<div class=\"elementor-element elementor-element-4658511 elementor-widget elementor-widget-image\" data-id=\"4658511\" data-element_type=\"widget\" data-e-type=\"widget\" data-widget_type=\"image.default\">\n\t\t\t\t<div class=\"elementor-widget-container\">\n\t\t\t\t\t\t\t\t\t\t\t\t<figure class=\"wp-caption\">\n\t\t\t\t\t\t\t\t\t\t\t<a href=\"https:\/\/jumbo-group.de\/wp-content\/uploads\/2024-03-25_B1-2.jpg\" data-elementor-open-lightbox=\"yes\" data-elementor-lightbox-title=\"2024-03-25_B1-2.jpg\" data-elementor-lightbox-description=\"2026\" data-e-action-hash=\"#elementor-action%3Aaction%3Dlightbox%26settings%3DeyJpZCI6MTg0NjAsInVybCI6Imh0dHBzOlwvXC9qdW1iby1ncm91cC5kZVwvd3AtY29udGVudFwvdXBsb2Fkc1wvMjAyNC0wMy0yNV9CMS0yLmpwZyJ9\">\n\t\t\t\t\t\t\t<img decoding=\"async\" width=\"768\" height=\"677\" src=\"https:\/\/jumbo-group.de\/wp-content\/uploads\/2024-03-25_B1-2.jpg\" class=\"attachment-medium_large size-medium_large wp-image-18460\" alt=\"\" srcset=\"https:\/\/jumbo-group.de\/wp-content\/uploads\/2024-03-25_B1-2.jpg 768w, https:\/\/jumbo-group.de\/wp-content\/uploads\/2024-03-25_B1-2-300x264.jpg 300w, https:\/\/jumbo-group.de\/wp-content\/uploads\/2024-03-25_B1-2-14x12.jpg 14w, https:\/\/jumbo-group.de\/wp-content\/uploads\/2024-03-25_B1-2-500x441.jpg 500w\" sizes=\"(max-width: 768px) 100vw, 768px\" \/>\t\t\t\t\t\t\t\t<\/a>\n\t\t\t\t\t\t\t\t\t\t\t<figcaption class=\"widget-image-caption wp-caption-text\"><\/figcaption>\n\t\t\t\t\t\t\t\t\t\t<\/figure>\n\t\t\t\t\t\t\t\t\t<\/div>\n\t\t\t\t<\/div>\n\t\t\t\t\t<\/div>\n\t\t<\/div>\n\t\t\t\t\t<\/div>\n\t\t<\/section>\n\t\t\t\t<section class=\"elementor-section elementor-top-section elementor-element elementor-element-1c39860 elementor-section-boxed elementor-section-height-default elementor-section-height-default\" data-id=\"1c39860\" data-element_type=\"section\" data-e-type=\"section\">\n\t\t\t\t\t\t<div class=\"elementor-container elementor-column-gap-default\">\n\t\t\t\t\t<div class=\"elementor-column elementor-col-100 elementor-top-column elementor-element elementor-element-f228fe7\" data-id=\"f228fe7\" data-element_type=\"column\" data-e-type=\"column\">\n\t\t\t<div class=\"elementor-widget-wrap\">\n\t\t\t\t\t\t\t<\/div>\n\t\t<\/div>\n\t\t\t\t\t<\/div>\n\t\t<\/section>\n\t\t\t\t<section class=\"elementor-section elementor-top-section elementor-element elementor-element-3d822d8 elementor-hidden-mobile elementor-section-boxed elementor-section-height-default elementor-section-height-default\" data-id=\"3d822d8\" data-element_type=\"section\" data-e-type=\"section\">\n\t\t\t\t\t\t<div class=\"elementor-container elementor-column-gap-default\">\n\t\t\t\t\t<div class=\"elementor-column elementor-col-50 elementor-top-column elementor-element elementor-element-de4db93\" data-id=\"de4db93\" data-element_type=\"column\" data-e-type=\"column\">\n\t\t\t<div class=\"elementor-widget-wrap elementor-element-populated\">\n\t\t\t\t\t\t<section class=\"elementor-section elementor-inner-section elementor-element elementor-element-bb6165b elementor-section-boxed elementor-section-height-default elementor-section-height-default\" data-id=\"bb6165b\" data-element_type=\"section\" data-e-type=\"section\">\n\t\t\t\t\t\t<div class=\"elementor-container elementor-column-gap-default\">\n\t\t\t\t\t<div class=\"elementor-column elementor-col-100 elementor-inner-column elementor-element elementor-element-c44c7b2\" data-id=\"c44c7b2\" data-element_type=\"column\" data-e-type=\"column\">\n\t\t\t<div class=\"elementor-widget-wrap elementor-element-populated\">\n\t\t\t\t\t\t<div class=\"elementor-element elementor-element-418479b elementor-widget elementor-widget-heading\" data-id=\"418479b\" data-element_type=\"widget\" data-e-type=\"widget\" data-widget_type=\"heading.default\">\n\t\t\t\t<div class=\"elementor-widget-container\">\n\t\t\t\t\t<h5 class=\"elementor-heading-title elementor-size-default\">PyroDry\u00ae verbindet die Pyrolyse (T:Cracker) mit der Trocknung.<\/h5>\t\t\t\t<\/div>\n\t\t\t\t<\/div>\n\t\t\t\t<div class=\"elementor-element elementor-element-d261ff9 elementor-widget elementor-widget-button\" data-id=\"d261ff9\" data-element_type=\"widget\" data-e-type=\"widget\" data-widget_type=\"button.default\">\n\t\t\t\t<div class=\"elementor-widget-container\">\n\t\t\t\t\t\t\t\t\t<div class=\"elementor-button-wrapper\">\n\t\t\t\t\t<a class=\"elementor-button elementor-button-link elementor-size-sm\" href=\"https:\/\/jumbo-group.de\/en\/pyrodry\/\" target=\"_blank\">\n\t\t\t\t\t\t<span class=\"elementor-button-content-wrapper\">\n\t\t\t\t\t\t\t\t\t<span class=\"elementor-button-text\">PyroDry<\/span>\n\t\t\t\t\t<\/span>\n\t\t\t\t\t<\/a>\n\t\t\t\t<\/div>\n\t\t\t\t\t\t\t\t<\/div>\n\t\t\t\t<\/div>\n\t\t\t\t\t<\/div>\n\t\t<\/div>\n\t\t\t\t\t<\/div>\n\t\t<\/section>\n\t\t\t\t\t<\/div>\n\t\t<\/div>\n\t\t\t\t<div class=\"elementor-column elementor-col-50 elementor-top-column elementor-element elementor-element-9721803\" data-id=\"9721803\" data-element_type=\"column\" data-e-type=\"column\">\n\t\t\t<div class=\"elementor-widget-wrap elementor-element-populated\">\n\t\t\t\t\t\t<section class=\"elementor-section elementor-inner-section elementor-element elementor-element-6fcc475 elementor-section-boxed elementor-section-height-default elementor-section-height-default\" data-id=\"6fcc475\" data-element_type=\"section\" data-e-type=\"section\">\n\t\t\t\t\t\t<div class=\"elementor-container elementor-column-gap-default\">\n\t\t\t\t\t<div class=\"elementor-column elementor-col-100 elementor-inner-column elementor-element elementor-element-272e508\" data-id=\"272e508\" data-element_type=\"column\" data-e-type=\"column\">\n\t\t\t<div class=\"elementor-widget-wrap elementor-element-populated\">\n\t\t\t\t\t\t<div class=\"elementor-element elementor-element-0a78d6b elementor-widget elementor-widget-heading\" data-id=\"0a78d6b\" data-element_type=\"widget\" data-e-type=\"widget\" data-widget_type=\"heading.default\">\n\t\t\t\t<div class=\"elementor-widget-container\">\n\t\t\t\t\t<h5 class=\"elementor-heading-title elementor-size-default\">Serie \"STR\" SpeedRotationstrockner<\/h5>\t\t\t\t<\/div>\n\t\t\t\t<\/div>\n\t\t\t\t<div class=\"elementor-element elementor-element-606e25b elementor-widget elementor-widget-button\" data-id=\"606e25b\" data-element_type=\"widget\" data-e-type=\"widget\" data-widget_type=\"button.default\">\n\t\t\t\t<div class=\"elementor-widget-container\">\n\t\t\t\t\t\t\t\t\t<div class=\"elementor-button-wrapper\">\n\t\t\t\t\t<a class=\"elementor-button elementor-button-link elementor-size-sm\" href=\"https:\/\/jumbo-group.de\/en\/klaerschlamm\/\" target=\"_blank\">\n\t\t\t\t\t\t<span class=\"elementor-button-content-wrapper\">\n\t\t\t\t\t\t\t\t\t<span class=\"elementor-button-text\">Sewage sludge<\/span>\n\t\t\t\t\t<\/span>\n\t\t\t\t\t<\/a>\n\t\t\t\t<\/div>\n\t\t\t\t\t\t\t\t<\/div>\n\t\t\t\t<\/div>\n\t\t\t\t<div class=\"elementor-element elementor-element-53b015a elementor-widget elementor-widget-button\" data-id=\"53b015a\" data-element_type=\"widget\" data-e-type=\"widget\" data-widget_type=\"button.default\">\n\t\t\t\t<div class=\"elementor-widget-container\">\n\t\t\t\t\t\t\t\t\t<div class=\"elementor-button-wrapper\">\n\t\t\t\t\t<a class=\"elementor-button elementor-button-link elementor-size-sm\" href=\"https:\/\/jumbo-group.de\/en\/gaerreste\/\" target=\"_blank\">\n\t\t\t\t\t\t<span class=\"elementor-button-content-wrapper\">\n\t\t\t\t\t\t\t\t\t<span class=\"elementor-button-text\">Digestate<\/span>\n\t\t\t\t\t<\/span>\n\t\t\t\t\t<\/a>\n\t\t\t\t<\/div>\n\t\t\t\t\t\t\t\t<\/div>\n\t\t\t\t<\/div>\n\t\t\t\t<div class=\"elementor-element elementor-element-0fb2983 elementor-widget elementor-widget-button\" data-id=\"0fb2983\" data-element_type=\"widget\" data-e-type=\"widget\" data-widget_type=\"button.default\">\n\t\t\t\t<div class=\"elementor-widget-container\">\n\t\t\t\t\t\t\t\t\t<div class=\"elementor-button-wrapper\">\n\t\t\t\t\t<a class=\"elementor-button elementor-button-link elementor-size-sm\" href=\"https:\/\/jumbo-group.de\/en\/biomasse\/\" target=\"_blank\">\n\t\t\t\t\t\t<span class=\"elementor-button-content-wrapper\">\n\t\t\t\t\t\t\t\t\t<span class=\"elementor-button-text\">Biomass<\/span>\n\t\t\t\t\t<\/span>\n\t\t\t\t\t<\/a>\n\t\t\t\t<\/div>\n\t\t\t\t\t\t\t\t<\/div>\n\t\t\t\t<\/div>\n\t\t\t\t\t<\/div>\n\t\t<\/div>\n\t\t\t\t\t<\/div>\n\t\t<\/section>\n\t\t\t\t\t<\/div>\n\t\t<\/div>\n\t\t\t\t\t<\/div>\n\t\t<\/section>\n\t\t\t\t<section class=\"elementor-section elementor-top-section elementor-element elementor-element-c7211e1 elementor-hidden-desktop elementor-hidden-tablet elementor-section-boxed elementor-section-height-default elementor-section-height-default\" data-id=\"c7211e1\" data-element_type=\"section\" data-e-type=\"section\">\n\t\t\t\t\t\t<div class=\"elementor-container elementor-column-gap-default\">\n\t\t\t\t\t<div class=\"elementor-column elementor-col-50 elementor-top-column elementor-element elementor-element-c2bcfaa\" data-id=\"c2bcfaa\" data-element_type=\"column\" data-e-type=\"column\">\n\t\t\t<div class=\"elementor-widget-wrap elementor-element-populated\">\n\t\t\t\t\t\t<div class=\"elementor-element elementor-element-66fe419 elementor-widget elementor-widget-image\" data-id=\"66fe419\" data-element_type=\"widget\" data-e-type=\"widget\" data-widget_type=\"image.default\">\n\t\t\t\t<div class=\"elementor-widget-container\">\n\t\t\t\t\t\t\t\t\t\t\t\t<figure class=\"wp-caption\">\n\t\t\t\t\t\t\t\t\t\t\t<a href=\"https:\/\/jumbo-group.de\/wp-content\/uploads\/Pyrodry-650x400-Kopie.png\" data-elementor-open-lightbox=\"yes\" data-elementor-lightbox-title=\"Pyrodry-650x400-Kopie.png\" data-e-action-hash=\"#elementor-action%3Aaction%3Dlightbox%26settings%3DeyJpZCI6MTg0NTksInVybCI6Imh0dHBzOlwvXC9qdW1iby1ncm91cC5kZVwvd3AtY29udGVudFwvdXBsb2Fkc1wvUHlyb2RyeS02NTB4NDAwLUtvcGllLnBuZyJ9\">\n\t\t\t\t\t\t\t<img fetchpriority=\"high\" decoding=\"async\" width=\"600\" height=\"446\" src=\"https:\/\/jumbo-group.de\/wp-content\/uploads\/Pyrodry-650x400-Kopie.png\" class=\"attachment-medium_large size-medium_large wp-image-18459\" alt=\"\" srcset=\"https:\/\/jumbo-group.de\/wp-content\/uploads\/Pyrodry-650x400-Kopie.png 600w, https:\/\/jumbo-group.de\/wp-content\/uploads\/Pyrodry-650x400-Kopie-300x223.png 300w, https:\/\/jumbo-group.de\/wp-content\/uploads\/Pyrodry-650x400-Kopie-16x12.png 16w, https:\/\/jumbo-group.de\/wp-content\/uploads\/Pyrodry-650x400-Kopie-500x372.png 500w\" sizes=\"(max-width: 600px) 100vw, 600px\" \/>\t\t\t\t\t\t\t\t<\/a>\n\t\t\t\t\t\t\t\t\t\t\t<figcaption class=\"widget-image-caption wp-caption-text\"><\/figcaption>\n\t\t\t\t\t\t\t\t\t\t<\/figure>\n\t\t\t\t\t\t\t\t\t<\/div>\n\t\t\t\t<\/div>\n\t\t\t\t\t<\/div>\n\t\t<\/div>\n\t\t\t\t<div class=\"elementor-column elementor-col-50 elementor-top-column elementor-element elementor-element-feb8ea9\" data-id=\"feb8ea9\" data-element_type=\"column\" data-e-type=\"column\">\n\t\t\t<div class=\"elementor-widget-wrap elementor-element-populated\">\n\t\t\t\t\t\t<div class=\"elementor-element elementor-element-b44a46d elementor-align-left elementor-widget elementor-widget-button\" data-id=\"b44a46d\" data-element_type=\"widget\" data-e-type=\"widget\" data-widget_type=\"button.default\">\n\t\t\t\t<div class=\"elementor-widget-container\">\n\t\t\t\t\t\t\t\t\t<div class=\"elementor-button-wrapper\">\n\t\t\t\t\t<a class=\"elementor-button elementor-button-link elementor-size-sm\" href=\"https:\/\/jumbo-group.de\/en\/pyrodry\/\">\n\t\t\t\t\t\t<span class=\"elementor-button-content-wrapper\">\n\t\t\t\t\t\t\t\t\t<span class=\"elementor-button-text\">PyroDry<\/span>\n\t\t\t\t\t<\/span>\n\t\t\t\t\t<\/a>\n\t\t\t\t<\/div>\n\t\t\t\t\t\t\t\t<\/div>\n\t\t\t\t<\/div>\n\t\t\t\t\t<\/div>\n\t\t<\/div>\n\t\t\t\t\t<\/div>\n\t\t<\/section>\n\t\t\t\t<section class=\"elementor-section elementor-top-section elementor-element elementor-element-d552740 elementor-hidden-desktop elementor-hidden-tablet elementor-section-boxed elementor-section-height-default elementor-section-height-default\" data-id=\"d552740\" data-element_type=\"section\" data-e-type=\"section\">\n\t\t\t\t\t\t<div class=\"elementor-container elementor-column-gap-default\">\n\t\t\t\t\t<div class=\"elementor-column elementor-col-50 elementor-top-column elementor-element elementor-element-15ac9f6\" data-id=\"15ac9f6\" data-element_type=\"column\" data-e-type=\"column\">\n\t\t\t<div class=\"elementor-widget-wrap elementor-element-populated\">\n\t\t\t\t\t\t<div class=\"elementor-element elementor-element-4249ca8 elementor-widget elementor-widget-image\" data-id=\"4249ca8\" data-element_type=\"widget\" data-e-type=\"widget\" data-widget_type=\"image.default\">\n\t\t\t\t<div class=\"elementor-widget-container\">\n\t\t\t\t\t\t\t\t\t\t\t\t<figure class=\"wp-caption\">\n\t\t\t\t\t\t\t\t\t\t\t<a href=\"https:\/\/jumbo-group.de\/wp-content\/uploads\/2024-03-25_B1-2.jpg\" data-elementor-open-lightbox=\"yes\" data-elementor-lightbox-title=\"2024-03-25_B1-2.jpg\" data-elementor-lightbox-description=\"2026\" data-e-action-hash=\"#elementor-action%3Aaction%3Dlightbox%26settings%3DeyJpZCI6MTg0NjAsInVybCI6Imh0dHBzOlwvXC9qdW1iby1ncm91cC5kZVwvd3AtY29udGVudFwvdXBsb2Fkc1wvMjAyNC0wMy0yNV9CMS0yLmpwZyJ9\">\n\t\t\t\t\t\t\t<img decoding=\"async\" width=\"768\" height=\"677\" src=\"https:\/\/jumbo-group.de\/wp-content\/uploads\/2024-03-25_B1-2.jpg\" class=\"attachment-medium_large size-medium_large wp-image-18460\" alt=\"\" srcset=\"https:\/\/jumbo-group.de\/wp-content\/uploads\/2024-03-25_B1-2.jpg 768w, https:\/\/jumbo-group.de\/wp-content\/uploads\/2024-03-25_B1-2-300x264.jpg 300w, https:\/\/jumbo-group.de\/wp-content\/uploads\/2024-03-25_B1-2-14x12.jpg 14w, https:\/\/jumbo-group.de\/wp-content\/uploads\/2024-03-25_B1-2-500x441.jpg 500w\" sizes=\"(max-width: 768px) 100vw, 768px\" \/>\t\t\t\t\t\t\t\t<\/a>\n\t\t\t\t\t\t\t\t\t\t\t<figcaption class=\"widget-image-caption wp-caption-text\"><\/figcaption>\n\t\t\t\t\t\t\t\t\t\t<\/figure>\n\t\t\t\t\t\t\t\t\t<\/div>\n\t\t\t\t<\/div>\n\t\t\t\t\t<\/div>\n\t\t<\/div>\n\t\t\t\t<div class=\"elementor-column elementor-col-50 elementor-top-column elementor-element elementor-element-f90e158\" data-id=\"f90e158\" data-element_type=\"column\" data-e-type=\"column\">\n\t\t\t<div class=\"elementor-widget-wrap elementor-element-populated\">\n\t\t\t\t\t\t<div class=\"elementor-element elementor-element-8502d3c elementor-align-left elementor-widget elementor-widget-button\" data-id=\"8502d3c\" data-element_type=\"widget\" data-e-type=\"widget\" data-widget_type=\"button.default\">\n\t\t\t\t<div class=\"elementor-widget-container\">\n\t\t\t\t\t\t\t\t\t<div class=\"elementor-button-wrapper\">\n\t\t\t\t\t<a class=\"elementor-button elementor-button-link elementor-size-sm\" href=\"https:\/\/jumbo-group.de\/en\/klaerschlamm\/\">\n\t\t\t\t\t\t<span class=\"elementor-button-content-wrapper\">\n\t\t\t\t\t\t\t\t\t<span class=\"elementor-button-text\">Sewage sludge<\/span>\n\t\t\t\t\t<\/span>\n\t\t\t\t\t<\/a>\n\t\t\t\t<\/div>\n\t\t\t\t\t\t\t\t<\/div>\n\t\t\t\t<\/div>\n\t\t\t\t<div class=\"elementor-element elementor-element-5708dd2 elementor-align-left elementor-widget elementor-widget-button\" data-id=\"5708dd2\" data-element_type=\"widget\" data-e-type=\"widget\" data-widget_type=\"button.default\">\n\t\t\t\t<div class=\"elementor-widget-container\">\n\t\t\t\t\t\t\t\t\t<div class=\"elementor-button-wrapper\">\n\t\t\t\t\t<a class=\"elementor-button elementor-button-link elementor-size-sm\" href=\"https:\/\/jumbo-group.de\/en\/gaerreste\/\">\n\t\t\t\t\t\t<span class=\"elementor-button-content-wrapper\">\n\t\t\t\t\t\t\t\t\t<span class=\"elementor-button-text\">Digestate<\/span>\n\t\t\t\t\t<\/span>\n\t\t\t\t\t<\/a>\n\t\t\t\t<\/div>\n\t\t\t\t\t\t\t\t<\/div>\n\t\t\t\t<\/div>\n\t\t\t\t<div class=\"elementor-element elementor-element-561f25c elementor-align-left elementor-widget elementor-widget-button\" data-id=\"561f25c\" data-element_type=\"widget\" data-e-type=\"widget\" data-widget_type=\"button.default\">\n\t\t\t\t<div class=\"elementor-widget-container\">\n\t\t\t\t\t\t\t\t\t<div class=\"elementor-button-wrapper\">\n\t\t\t\t\t<a class=\"elementor-button elementor-button-link elementor-size-sm\" href=\"https:\/\/jumbo-group.de\/en\/biomasse\/\">\n\t\t\t\t\t\t<span class=\"elementor-button-content-wrapper\">\n\t\t\t\t\t\t\t\t\t<span class=\"elementor-button-text\">Biomass<\/span>\n\t\t\t\t\t<\/span>\n\t\t\t\t\t<\/a>\n\t\t\t\t<\/div>\n\t\t\t\t\t\t\t\t<\/div>\n\t\t\t\t<\/div>\n\t\t\t\t\t<\/div>\n\t\t<\/div>\n\t\t\t\t\t<\/div>\n\t\t<\/section>\n\t\t\t\t<\/div>","protected":false},"excerpt":{"rendered":"<p>Anlagen PyroDry\u00ae verbindet die Pyrolyse (T:Cracker) mit der Trocknung. PyroDry Serie &#8222;STR&#8220; SpeedRotationstrockner Kl\u00e4rschlamm G\u00e4rreste Biomasse PyroDry Kl\u00e4rschlamm G\u00e4rreste Biomasse<\/p>","protected":false},"author":16,"featured_media":18499,"parent":0,"menu_order":0,"comment_status":"closed","ping_status":"closed","template":"","meta":{"footnotes":""},"categories":[95],"tags":[],"class_list":["post-18551","page","type-page","status-publish","has-post-thumbnail","hentry","category-produkt"],"aioseo_notices":[],"_links":{"self":[{"href":"https:\/\/jumbo-group.de\/en\/wp-json\/wp\/v2\/pages\/18551","targetHints":{"allow":["GET"]}}],"collection":[{"href":"https:\/\/jumbo-group.de\/en\/wp-json\/wp\/v2\/pages"}],"about":[{"href":"https:\/\/jumbo-group.de\/en\/wp-json\/wp\/v2\/types\/page"}],"author":[{"embeddable":true,"href":"https:\/\/jumbo-group.de\/en\/wp-json\/wp\/v2\/users\/16"}],"replies":[{"embeddable":true,"href":"https:\/\/jumbo-group.de\/en\/wp-json\/wp\/v2\/comments?post=18551"}],"version-history":[{"count":53,"href":"https:\/\/jumbo-group.de\/en\/wp-json\/wp\/v2\/pages\/18551\/revisions"}],"predecessor-version":[{"id":18914,"href":"https:\/\/jumbo-group.de\/en\/wp-json\/wp\/v2\/pages\/18551\/revisions\/18914"}],"wp:featuredmedia":[{"embeddable":true,"href":"https:\/\/jumbo-group.de\/en\/wp-json\/wp\/v2\/media\/18499"}],"wp:attachment":[{"href":"https:\/\/jumbo-group.de\/en\/wp-json\/wp\/v2\/media?parent=18551"}],"wp:term":[{"taxonomy":"category","embeddable":true,"href":"https:\/\/jumbo-group.de\/en\/wp-json\/wp\/v2\/categories?post=18551"},{"taxonomy":"post_tag","embeddable":true,"href":"https:\/\/jumbo-group.de\/en\/wp-json\/wp\/v2\/tags?post=18551"}],"curies":[{"name":"wp","href":"https:\/\/api.w.org\/{rel}","templated":true}]}}